{"id":111,"date":"2021-02-12T12:25:14","date_gmt":"2021-02-12T12:25:14","guid":{"rendered":"https:\/\/itcams.eu\/?page_id=111"},"modified":"2024-05-09T11:51:16","modified_gmt":"2024-05-09T11:51:16","slug":"kontakt","status":"publish","type":"page","link":"https:\/\/itcams.eu\/?page_id=111","title":{"rendered":"Kontakt"},"content":{"rendered":"\n<figure class=\"wp-block-image size-full is-resized\"><img loading=\"lazy\" decoding=\"async\" width=\"2560\" height=\"2560\" src=\"https:\/\/itcams.eu\/wp-content\/uploads\/2024\/03\/bearbeitet-edited-scaled.jpg\" alt=\"\" class=\"wp-image-351\" style=\"width:245px;height:auto\" srcset=\"https:\/\/itcams.eu\/wp-content\/uploads\/2024\/03\/bearbeitet-edited-scaled.jpg 2560w, https:\/\/itcams.eu\/wp-content\/uploads\/2024\/03\/bearbeitet-edited-300x300.jpg 300w, https:\/\/itcams.eu\/wp-content\/uploads\/2024\/03\/bearbeitet-edited-150x150.jpg 150w, https:\/\/itcams.eu\/wp-content\/uploads\/2024\/03\/bearbeitet-edited-768x768.jpg 768w, https:\/\/itcams.eu\/wp-content\/uploads\/2024\/03\/bearbeitet-edited-1536x1536.jpg 1536w, https:\/\/itcams.eu\/wp-content\/uploads\/2024\/03\/bearbeitet-edited-2048x2048.jpg 2048w\" sizes=\"auto, (max-width: 2560px) 100vw, 2560px\" \/><figcaption class=\"wp-element-caption\">Gesch\u00e4ftsleiter<br>Schwarz Sebastian<br>Techniker f\u00fcr Informationstechnik (FH)<\/figcaption><\/figure>\n\n\n\n<p><\/p>\n\n\n\n<div class=\"wp-block-themeisle-blocks-advanced-columns has-1-columns has-desktop-equal-layout has-tablet-equal-layout has-mobile-equal-layout has-default-gap has-vertical-unset\" id=\"wp-block-themeisle-blocks-advanced-columns-7652e12d\"><div class=\"wp-block-themeisle-blocks-advanced-columns-overlay\"><\/div><div class=\"innerblocks-wrap\">\n<div class=\"wp-block-themeisle-blocks-advanced-column\" id=\"wp-block-themeisle-blocks-advanced-column-36465d4b\">\n<p>Gesch\u00e4ftsf\u00fchrer: Sebastian Schwarz<\/p>\n<p>Bussenstra\u00dfe. 14   88521 Ertingen  Telefon: +49 (0) 7371\/1296042<\/p>\n<div class=\"wp-block-columns\">\n<div class=\"wp-block-column is-vertically-aligned-center\">\n<div class=\"wp-block-group\">\n<hr class=\"wp-block-separator\">\n<\/div>\n<\/div>\n<\/div>\n<\/div>\n<\/div><\/div>\n\n\n\n<div class=\"wp-block-columns is-layout-flex wp-container-core-columns-is-layout-9d6595d7 wp-block-columns-is-layout-flex\">\n<div class=\"wp-block-column is-layout-flow wp-block-column-is-layout-flow\">\n<p>Threema<\/p>\n\n\n\n<figure class=\"wp-block-image size-large is-resized\" id=\"qrcode\"><img loading=\"lazy\" decoding=\"async\" width=\"407\" height=\"407\" src=\"https:\/\/itcams.eu\/wp-content\/uploads\/2021\/07\/qr1-1.png\" alt=\"Threema ID:\n\u00f6ffnen sie ihre threema app\nklicken sie oben links auf ihren avatar\nklicken sie auf id scannen\nund scannen sie den QR code\" class=\"wp-image-262\" style=\"width:295px;height:auto\" title=\"Threema id\" srcset=\"https:\/\/itcams.eu\/wp-content\/uploads\/2021\/07\/qr1-1.png 407w, https:\/\/itcams.eu\/wp-content\/uploads\/2021\/07\/qr1-1-300x300.png 300w, https:\/\/itcams.eu\/wp-content\/uploads\/2021\/07\/qr1-1-150x150.png 150w\" sizes=\"auto, (max-width: 407px) 100vw, 407px\" \/><\/figure>\n\n\n\n<p>ID:                             YCXYCZ3A<\/p>\n<\/div>\n\n\n\n<div class=\"wp-block-column is-layout-flow wp-block-column-is-layout-flow\">\n<p>Signal<\/p>\n\n\n\n<figure class=\"wp-block-image size-large is-resized\"><img loading=\"lazy\" decoding=\"async\" width=\"400\" height=\"400\" src=\"https:\/\/itcams.eu\/wp-content\/uploads\/2021\/07\/qr-1.png\" alt=\"Signal webseite: https:\/\/www.signal.org\" class=\"wp-image-264\" style=\"width:292px;height:auto\" title=\"Signal webseite\" srcset=\"https:\/\/itcams.eu\/wp-content\/uploads\/2021\/07\/qr-1.png 400w, https:\/\/itcams.eu\/wp-content\/uploads\/2021\/07\/qr-1-300x300.png 300w, https:\/\/itcams.eu\/wp-content\/uploads\/2021\/07\/qr-1-150x150.png 150w\" sizes=\"auto, (max-width: 400px) 100vw, 400px\" \/><\/figure>\n\n\n\n<p>ID:                           01757363606<\/p>\n<\/div>\n\n\n\n<div class=\"wp-block-column is-layout-flow wp-block-column-is-layout-flow\">\n<p>E-Mail<\/p>\n\n\n\n<figure class=\"wp-block-image size-full\"><img loading=\"lazy\" decoding=\"async\" width=\"292\" height=\"292\" src=\"https:\/\/itcams.eu\/wp-content\/uploads\/2024\/05\/barcode1.gif\" alt=\"\" class=\"wp-image-368\"\/><\/figure>\n\n\n\n<p>info&#64;itcams.eu<\/p>\n<\/div>\n<\/div>\n\n\n","protected":false},"excerpt":{"rendered":"<p>Gesch\u00e4ftsf\u00fchrer: Sebastian Schwarz Bussenstra\u00dfe. 14 88521 Ertingen Telefon: +49 (0) 7371\/1296042 Threema ID: YCXYCZ3A Signal ID: 01757363606 E-Mail info&#64;itcams.eu<\/p>\n","protected":false},"author":1,"featured_media":0,"parent":0,"menu_order":0,"comment_status":"closed","ping_status":"closed","template":"","meta":{"footnotes":""},"class_list":["post-111","page","type-page","status-publish","hentry"],"yoast_head":"<!-- This site is optimized with the Yoast SEO plugin v27.3 - https:\/\/yoast.com\/product\/yoast-seo-wordpress\/ -->\n<title>Kontakt - ITcamS<\/title>\n<meta name=\"description\" content=\"Haben sie Fragen ?: Dann z\u00f6gern sie bitte nicht,hier finden sie alle wichtigen Ansprechpartner und Kontaktdaten. Wir helfen ihnen gerne weiter. #wissen ist es immer wert erfragt zu werden!\" \/>\n<meta name=\"robots\" content=\"index, follow, max-snippet:-1, max-image-preview:large, max-video-preview:-1\" \/>\n<link rel=\"canonical\" href=\"https:\/\/itcams.eu\/?page_id=111\" \/>\n<meta property=\"og:locale\" content=\"de_DE\" \/>\n<meta property=\"og:type\" content=\"article\" \/>\n<meta property=\"og:title\" content=\"Kontakt - ITcamS\" \/>\n<meta property=\"og:description\" content=\"Haben sie Fragen ?: Dann z\u00f6gern sie bitte nicht,hier finden sie alle wichtigen Ansprechpartner und Kontaktdaten. Wir helfen ihnen gerne weiter. #wissen ist es immer wert erfragt zu werden!\" \/>\n<meta property=\"og:url\" content=\"https:\/\/itcams.eu\/?page_id=111\" \/>\n<meta property=\"og:site_name\" content=\"ITcamS\" \/>\n<meta property=\"article:modified_time\" content=\"2024-05-09T11:51:16+00:00\" \/>\n<meta property=\"og:image\" content=\"https:\/\/itcams.eu\/wp-content\/uploads\/2024\/03\/bearbeitet-edited-scaled.jpg\" \/>\n<meta name=\"twitter:card\" content=\"summary_large_image\" \/>\n<meta name=\"twitter:label1\" content=\"Gesch\u00e4tzte Lesezeit\" \/>\n\t<meta name=\"twitter:data1\" content=\"1\u00a0Minute\" \/>\n<script type=\"application\/ld+json\" class=\"yoast-schema-graph\">{\"@context\":\"https:\\\/\\\/schema.org\",\"@graph\":[{\"@type\":\"WebPage\",\"@id\":\"https:\\\/\\\/itcams.eu\\\/?page_id=111\",\"url\":\"https:\\\/\\\/itcams.eu\\\/?page_id=111\",\"name\":\"Kontakt - ITcamS\",\"isPartOf\":{\"@id\":\"https:\\\/\\\/itcams.eu\\\/#website\"},\"primaryImageOfPage\":{\"@id\":\"https:\\\/\\\/itcams.eu\\\/?page_id=111#primaryimage\"},\"image\":{\"@id\":\"https:\\\/\\\/itcams.eu\\\/?page_id=111#primaryimage\"},\"thumbnailUrl\":\"https:\\\/\\\/itcams.eu\\\/wp-content\\\/uploads\\\/2024\\\/03\\\/bearbeitet-edited-scaled.jpg\",\"datePublished\":\"2021-02-12T12:25:14+00:00\",\"dateModified\":\"2024-05-09T11:51:16+00:00\",\"description\":\"Haben sie Fragen ?: Dann z\u00f6gern sie bitte nicht,hier finden sie alle wichtigen Ansprechpartner und Kontaktdaten. Wir helfen ihnen gerne weiter. #wissen ist es immer wert erfragt zu werden!\",\"breadcrumb\":{\"@id\":\"https:\\\/\\\/itcams.eu\\\/?page_id=111#breadcrumb\"},\"inLanguage\":\"de\",\"potentialAction\":[{\"@type\":\"ReadAction\",\"target\":[\"https:\\\/\\\/itcams.eu\\\/?page_id=111\"]}]},{\"@type\":\"ImageObject\",\"inLanguage\":\"de\",\"@id\":\"https:\\\/\\\/itcams.eu\\\/?page_id=111#primaryimage\",\"url\":\"https:\\\/\\\/itcams.eu\\\/wp-content\\\/uploads\\\/2024\\\/03\\\/bearbeitet-edited-scaled.jpg\",\"contentUrl\":\"https:\\\/\\\/itcams.eu\\\/wp-content\\\/uploads\\\/2024\\\/03\\\/bearbeitet-edited-scaled.jpg\",\"width\":2560,\"height\":2560},{\"@type\":\"BreadcrumbList\",\"@id\":\"https:\\\/\\\/itcams.eu\\\/?page_id=111#breadcrumb\",\"itemListElement\":[{\"@type\":\"ListItem\",\"position\":1,\"name\":\"Startseite\",\"item\":\"https:\\\/\\\/itcams.eu\\\/\"},{\"@type\":\"ListItem\",\"position\":2,\"name\":\"Kontakt\"}]},{\"@type\":\"WebSite\",\"@id\":\"https:\\\/\\\/itcams.eu\\\/#website\",\"url\":\"https:\\\/\\\/itcams.eu\\\/\",\"name\":\"ITcamS\",\"description\":\"cut above mandatory\",\"publisher\":{\"@id\":\"https:\\\/\\\/itcams.eu\\\/#organization\"},\"potentialAction\":[{\"@type\":\"SearchAction\",\"target\":{\"@type\":\"EntryPoint\",\"urlTemplate\":\"https:\\\/\\\/itcams.eu\\\/?s={search_term_string}\"},\"query-input\":{\"@type\":\"PropertyValueSpecification\",\"valueRequired\":true,\"valueName\":\"search_term_string\"}}],\"inLanguage\":\"de\"},{\"@type\":\"Organization\",\"@id\":\"https:\\\/\\\/itcams.eu\\\/#organization\",\"name\":\"ITcamS\",\"url\":\"https:\\\/\\\/itcams.eu\\\/\",\"logo\":{\"@type\":\"ImageObject\",\"inLanguage\":\"de\",\"@id\":\"https:\\\/\\\/itcams.eu\\\/#\\\/schema\\\/logo\\\/image\\\/\",\"url\":\"https:\\\/\\\/itcams.eu\\\/wp-content\\\/uploads\\\/2024\\\/05\\\/blue-matrix-abstract-digital-background-big-size-binary-code-65285787.png\",\"contentUrl\":\"https:\\\/\\\/itcams.eu\\\/wp-content\\\/uploads\\\/2024\\\/05\\\/blue-matrix-abstract-digital-background-big-size-binary-code-65285787.png\",\"width\":379,\"height\":359,\"caption\":\"ITcamS\"},\"image\":{\"@id\":\"https:\\\/\\\/itcams.eu\\\/#\\\/schema\\\/logo\\\/image\\\/\"}}]}<\/script>\n<!-- \/ Yoast SEO plugin. -->","yoast_head_json":{"title":"Kontakt - ITcamS","description":"Haben sie Fragen ?: Dann z\u00f6gern sie bitte nicht,hier finden sie alle wichtigen Ansprechpartner und Kontaktdaten. Wir helfen ihnen gerne weiter. #wissen ist es immer wert erfragt zu werden!","robots":{"index":"index","follow":"follow","max-snippet":"max-snippet:-1","max-image-preview":"max-image-preview:large","max-video-preview":"max-video-preview:-1"},"canonical":"https:\/\/itcams.eu\/?page_id=111","og_locale":"de_DE","og_type":"article","og_title":"Kontakt - ITcamS","og_description":"Haben sie Fragen ?: Dann z\u00f6gern sie bitte nicht,hier finden sie alle wichtigen Ansprechpartner und Kontaktdaten. Wir helfen ihnen gerne weiter. #wissen ist es immer wert erfragt zu werden!","og_url":"https:\/\/itcams.eu\/?page_id=111","og_site_name":"ITcamS","article_modified_time":"2024-05-09T11:51:16+00:00","og_image":[{"url":"https:\/\/itcams.eu\/wp-content\/uploads\/2024\/03\/bearbeitet-edited-scaled.jpg","type":"","width":"","height":""}],"twitter_card":"summary_large_image","twitter_misc":{"Gesch\u00e4tzte Lesezeit":"1\u00a0Minute"},"schema":{"@context":"https:\/\/schema.org","@graph":[{"@type":"WebPage","@id":"https:\/\/itcams.eu\/?page_id=111","url":"https:\/\/itcams.eu\/?page_id=111","name":"Kontakt - ITcamS","isPartOf":{"@id":"https:\/\/itcams.eu\/#website"},"primaryImageOfPage":{"@id":"https:\/\/itcams.eu\/?page_id=111#primaryimage"},"image":{"@id":"https:\/\/itcams.eu\/?page_id=111#primaryimage"},"thumbnailUrl":"https:\/\/itcams.eu\/wp-content\/uploads\/2024\/03\/bearbeitet-edited-scaled.jpg","datePublished":"2021-02-12T12:25:14+00:00","dateModified":"2024-05-09T11:51:16+00:00","description":"Haben sie Fragen ?: Dann z\u00f6gern sie bitte nicht,hier finden sie alle wichtigen Ansprechpartner und Kontaktdaten. Wir helfen ihnen gerne weiter. #wissen ist es immer wert erfragt zu werden!","breadcrumb":{"@id":"https:\/\/itcams.eu\/?page_id=111#breadcrumb"},"inLanguage":"de","potentialAction":[{"@type":"ReadAction","target":["https:\/\/itcams.eu\/?page_id=111"]}]},{"@type":"ImageObject","inLanguage":"de","@id":"https:\/\/itcams.eu\/?page_id=111#primaryimage","url":"https:\/\/itcams.eu\/wp-content\/uploads\/2024\/03\/bearbeitet-edited-scaled.jpg","contentUrl":"https:\/\/itcams.eu\/wp-content\/uploads\/2024\/03\/bearbeitet-edited-scaled.jpg","width":2560,"height":2560},{"@type":"BreadcrumbList","@id":"https:\/\/itcams.eu\/?page_id=111#breadcrumb","itemListElement":[{"@type":"ListItem","position":1,"name":"Startseite","item":"https:\/\/itcams.eu\/"},{"@type":"ListItem","position":2,"name":"Kontakt"}]},{"@type":"WebSite","@id":"https:\/\/itcams.eu\/#website","url":"https:\/\/itcams.eu\/","name":"ITcamS","description":"cut above mandatory","publisher":{"@id":"https:\/\/itcams.eu\/#organization"},"potentialAction":[{"@type":"SearchAction","target":{"@type":"EntryPoint","urlTemplate":"https:\/\/itcams.eu\/?s={search_term_string}"},"query-input":{"@type":"PropertyValueSpecification","valueRequired":true,"valueName":"search_term_string"}}],"inLanguage":"de"},{"@type":"Organization","@id":"https:\/\/itcams.eu\/#organization","name":"ITcamS","url":"https:\/\/itcams.eu\/","logo":{"@type":"ImageObject","inLanguage":"de","@id":"https:\/\/itcams.eu\/#\/schema\/logo\/image\/","url":"https:\/\/itcams.eu\/wp-content\/uploads\/2024\/05\/blue-matrix-abstract-digital-background-big-size-binary-code-65285787.png","contentUrl":"https:\/\/itcams.eu\/wp-content\/uploads\/2024\/05\/blue-matrix-abstract-digital-background-big-size-binary-code-65285787.png","width":379,"height":359,"caption":"ITcamS"},"image":{"@id":"https:\/\/itcams.eu\/#\/schema\/logo\/image\/"}}]}},"_links":{"self":[{"href":"https:\/\/itcams.eu\/index.php?rest_route=\/wp\/v2\/pages\/111","targetHints":{"allow":["GET"]}}],"collection":[{"href":"https:\/\/itcams.eu\/index.php?rest_route=\/wp\/v2\/pages"}],"about":[{"href":"https:\/\/itcams.eu\/index.php?rest_route=\/wp\/v2\/types\/page"}],"author":[{"embeddable":true,"href":"https:\/\/itcams.eu\/index.php?rest_route=\/wp\/v2\/users\/1"}],"replies":[{"embeddable":true,"href":"https:\/\/itcams.eu\/index.php?rest_route=%2Fwp%2Fv2%2Fcomments&post=111"}],"version-history":[{"count":25,"href":"https:\/\/itcams.eu\/index.php?rest_route=\/wp\/v2\/pages\/111\/revisions"}],"predecessor-version":[{"id":369,"href":"https:\/\/itcams.eu\/index.php?rest_route=\/wp\/v2\/pages\/111\/revisions\/369"}],"wp:attachment":[{"href":"https:\/\/itcams.eu\/index.php?rest_route=%2Fwp%2Fv2%2Fmedia&parent=111"}],"curies":[{"name":"wp","href":"https:\/\/api.w.org\/{rel}","templated":true}]}}