{"id":121,"date":"2021-04-14T13:06:47","date_gmt":"2021-04-14T13:06:47","guid":{"rendered":"https:\/\/itcams.eu\/?page_id=121"},"modified":"2024-05-09T11:58:41","modified_gmt":"2024-05-09T11:58:41","slug":"herzlich-willkommen-bei-itcams","status":"publish","type":"page","link":"https:\/\/itcams.eu\/","title":{"rendered":"ITcamS"},"content":{"rendered":"\n<p class=\"has-text-align-center\"><strong>Informations-Technologie<\/strong> <br>besser als der Durchschnitt<\/p>\n\n\n\n<section class=\"wp-block-themeisle-blocks-advanced-columns alignfull has-3-columns has-desktop-equal-layout has-tablet-equal-layout has-mobile-collapsedRows-layout has-nogap-gap has-vertical-flex-start\" id=\"wp-block-themeisle-blocks-advanced-columns-45992c78\"><div class=\"wp-block-themeisle-blocks-advanced-columns-overlay\"><\/div><div class=\"innerblocks-wrap\">\n<div class=\"wp-block-themeisle-blocks-advanced-column\" id=\"wp-block-themeisle-blocks-advanced-column-97e6d83c\">\n<p class=\"wp-block-themeisle-blocks-font-awesome-icons\" id=\"wp-block-themeisle-blocks-font-awesome-icons-ade2d000\"><span class=\"wp-block-themeisle-blocks-font-awesome-icons-container\"><i class=\"fas fa-network-wired\"><\/i><\/span><\/p>\n<h3 class=\"has-text-align-center\">Netzwerk<\/h3>\n<div style=\"height:30px\" aria-hidden=\"true\" class=\"wp-block-spacer\"><\/div>\n<p class=\"has-text-align-center\">Hier finden sie alle zum Thema Netzwerk, Cloud, Backup, Zentrale Speicher.<\/p>\n<div style=\"height:10px\" aria-hidden=\"true\" class=\"wp-block-spacer\"><\/div>\n<p class=\"has-text-align-center\">Wir bieten ma\u00dfgeschneiderte und vielseitige L\u00f6sungen f\u00fcr Ihre Bed\u00fcrfnisse. Von kleinen Heimnetzen bis hin zu professionellen Industrie Infrastrukturen.<\/p>\n<\/div>\n<div class=\"wp-block-themeisle-blocks-advanced-column\" id=\"wp-block-themeisle-blocks-advanced-column-6c11e371\">\n<p class=\"wp-block-themeisle-blocks-font-awesome-icons\" id=\"wp-block-themeisle-blocks-font-awesome-icons-a3450189\"><span class=\"wp-block-themeisle-blocks-font-awesome-icons-container\"><i class=\"fas fa-server\"><\/i><\/span><\/p>\n<h3 class=\"has-text-align-center\">Betriebsystem und Software<\/h3>\n<p class=\"has-text-align-center\">Alles rund ums System !<br><\/p>\n<div style=\"height:38px\" aria-hidden=\"true\" class=\"wp-block-spacer\"><\/div>\n<p class=\"has-text-align-center\">Sie suchen nach dem richtigen Betriebssystem f\u00fcr ihre Infrastruktur, wir bieten passende L\u00f6sungen, von Microsoft Windows bis Red Hat Enterprise Linux.<\/p>\n<\/div>\n<div class=\"wp-block-themeisle-blocks-advanced-column\" id=\"wp-block-themeisle-blocks-advanced-column-abc36a19\">\n<p class=\"wp-block-themeisle-blocks-font-awesome-icons\" id=\"wp-block-themeisle-blocks-font-awesome-icons-86d09031\"><span class=\"wp-block-themeisle-blocks-font-awesome-icons-container\"><i class=\"fas fa-drafting-compass\"><\/i><\/span><\/p>\n<div class=\"wp-block-group\">\n<h3 class=\"has-text-align-center\">IT Sicherheit<\/h3>\n<div style=\"height:34px\" aria-hidden=\"true\" class=\"wp-block-spacer\"><\/div>\n<p class=\"has-text-align-center\">Das Herz der IT, Absicherung, Skalierung, Segmentierung.  <\/p>\n<div style=\"height:18px\" aria-hidden=\"true\" class=\"wp-block-spacer\"><\/div>\n<p class=\"has-text-align-center\">Sprechen Sie uns an!<br>Wir bieten ihnen ein auf ihre Systemumgebung zugeschnittene Sicherheits- und Zugangsl\u00f6sung.<br>#SELinux #Microsoft AD #IPtable<\/p>\n<\/div>\n<\/div>\n<\/div><\/section>\n\n\n\n<p id=\"start\"><\/p>\n\n\n","protected":false},"excerpt":{"rendered":"<p>Informations-Technologie besser als der Durchschnitt Netzwerk Hier finden sie alle zum Thema Netzwerk, Cloud, Backup, Zentrale Speicher. Wir bieten ma\u00dfgeschneiderte und vielseitige L\u00f6sungen f\u00fcr Ihre Bed\u00fcrfnisse. Von kleinen Heimnetzen bis hin zu professionellen Industrie Infrastrukturen. Betriebsystem und Software Alles rund ums System ! Sie suchen nach dem richtigen Betriebssystem f\u00fcr &hellip;<\/p>\n","protected":false},"author":1,"featured_media":0,"parent":0,"menu_order":0,"comment_status":"closed","ping_status":"closed","template":"","meta":{"footnotes":""},"class_list":["post-121","page","type-page","status-publish","hentry"],"yoast_head":"<!-- This site is optimized with the Yoast SEO plugin v27.3 - https:\/\/yoast.com\/product\/yoast-seo-wordpress\/ -->\n<title>ITcamS - ITcamS<\/title>\n<meta name=\"description\" content=\"ITcamS, Ihr Partner bei allen fragen rund um Netzwerk, Sicherheit, Computertechnik und Software\" \/>\n<meta name=\"robots\" content=\"index, follow, max-snippet:-1, max-image-preview:large, max-video-preview:-1\" \/>\n<link rel=\"canonical\" href=\"https:\/\/itcams.eu\/\" \/>\n<meta property=\"og:locale\" content=\"de_DE\" \/>\n<meta property=\"og:type\" content=\"article\" \/>\n<meta property=\"og:title\" content=\"ITcamS - ITcamS\" \/>\n<meta property=\"og:description\" content=\"ITcamS, Ihr Partner bei allen fragen rund um Netzwerk, Sicherheit, Computertechnik und Software\" \/>\n<meta property=\"og:url\" content=\"https:\/\/itcams.eu\/\" \/>\n<meta property=\"og:site_name\" content=\"ITcamS\" \/>\n<meta property=\"article:modified_time\" content=\"2024-05-09T11:58:41+00:00\" \/>\n<meta name=\"twitter:card\" content=\"summary_large_image\" \/>\n<meta name=\"twitter:label1\" content=\"Gesch\u00e4tzte Lesezeit\" \/>\n\t<meta name=\"twitter:data1\" content=\"1\u00a0Minute\" \/>\n<script type=\"application\/ld+json\" class=\"yoast-schema-graph\">{\"@context\":\"https:\\\/\\\/schema.org\",\"@graph\":[{\"@type\":\"WebPage\",\"@id\":\"https:\\\/\\\/itcams.eu\\\/\",\"url\":\"https:\\\/\\\/itcams.eu\\\/\",\"name\":\"ITcamS - ITcamS\",\"isPartOf\":{\"@id\":\"https:\\\/\\\/itcams.eu\\\/#website\"},\"datePublished\":\"2021-04-14T13:06:47+00:00\",\"dateModified\":\"2024-05-09T11:58:41+00:00\",\"description\":\"ITcamS, Ihr Partner bei allen fragen rund um Netzwerk, Sicherheit, Computertechnik und Software\",\"breadcrumb\":{\"@id\":\"https:\\\/\\\/itcams.eu\\\/#breadcrumb\"},\"inLanguage\":\"de\",\"potentialAction\":[{\"@type\":\"ReadAction\",\"target\":[\"https:\\\/\\\/itcams.eu\\\/\"]}]},{\"@type\":\"BreadcrumbList\",\"@id\":\"https:\\\/\\\/itcams.eu\\\/#breadcrumb\",\"itemListElement\":[{\"@type\":\"ListItem\",\"position\":1,\"name\":\"Startseite\",\"item\":\"https:\\\/\\\/itcams.eu\\\/\"},{\"@type\":\"ListItem\",\"position\":2,\"name\":\"ITcamS\"}]},{\"@type\":\"WebSite\",\"@id\":\"https:\\\/\\\/itcams.eu\\\/#website\",\"url\":\"https:\\\/\\\/itcams.eu\\\/\",\"name\":\"ITcamS\",\"description\":\"cut above mandatory\",\"publisher\":{\"@id\":\"https:\\\/\\\/itcams.eu\\\/#organization\"},\"potentialAction\":[{\"@type\":\"SearchAction\",\"target\":{\"@type\":\"EntryPoint\",\"urlTemplate\":\"https:\\\/\\\/itcams.eu\\\/?s={search_term_string}\"},\"query-input\":{\"@type\":\"PropertyValueSpecification\",\"valueRequired\":true,\"valueName\":\"search_term_string\"}}],\"inLanguage\":\"de\"},{\"@type\":\"Organization\",\"@id\":\"https:\\\/\\\/itcams.eu\\\/#organization\",\"name\":\"ITcamS\",\"url\":\"https:\\\/\\\/itcams.eu\\\/\",\"logo\":{\"@type\":\"ImageObject\",\"inLanguage\":\"de\",\"@id\":\"https:\\\/\\\/itcams.eu\\\/#\\\/schema\\\/logo\\\/image\\\/\",\"url\":\"https:\\\/\\\/itcams.eu\\\/wp-content\\\/uploads\\\/2024\\\/05\\\/blue-matrix-abstract-digital-background-big-size-binary-code-65285787.png\",\"contentUrl\":\"https:\\\/\\\/itcams.eu\\\/wp-content\\\/uploads\\\/2024\\\/05\\\/blue-matrix-abstract-digital-background-big-size-binary-code-65285787.png\",\"width\":379,\"height\":359,\"caption\":\"ITcamS\"},\"image\":{\"@id\":\"https:\\\/\\\/itcams.eu\\\/#\\\/schema\\\/logo\\\/image\\\/\"}}]}<\/script>\n<!-- \/ Yoast SEO plugin. -->","yoast_head_json":{"title":"ITcamS - ITcamS","description":"ITcamS, Ihr Partner bei allen fragen rund um Netzwerk, Sicherheit, Computertechnik und Software","robots":{"index":"index","follow":"follow","max-snippet":"max-snippet:-1","max-image-preview":"max-image-preview:large","max-video-preview":"max-video-preview:-1"},"canonical":"https:\/\/itcams.eu\/","og_locale":"de_DE","og_type":"article","og_title":"ITcamS - ITcamS","og_description":"ITcamS, Ihr Partner bei allen fragen rund um Netzwerk, Sicherheit, Computertechnik und Software","og_url":"https:\/\/itcams.eu\/","og_site_name":"ITcamS","article_modified_time":"2024-05-09T11:58:41+00:00","twitter_card":"summary_large_image","twitter_misc":{"Gesch\u00e4tzte Lesezeit":"1\u00a0Minute"},"schema":{"@context":"https:\/\/schema.org","@graph":[{"@type":"WebPage","@id":"https:\/\/itcams.eu\/","url":"https:\/\/itcams.eu\/","name":"ITcamS - ITcamS","isPartOf":{"@id":"https:\/\/itcams.eu\/#website"},"datePublished":"2021-04-14T13:06:47+00:00","dateModified":"2024-05-09T11:58:41+00:00","description":"ITcamS, Ihr Partner bei allen fragen rund um Netzwerk, Sicherheit, Computertechnik und Software","breadcrumb":{"@id":"https:\/\/itcams.eu\/#breadcrumb"},"inLanguage":"de","potentialAction":[{"@type":"ReadAction","target":["https:\/\/itcams.eu\/"]}]},{"@type":"BreadcrumbList","@id":"https:\/\/itcams.eu\/#breadcrumb","itemListElement":[{"@type":"ListItem","position":1,"name":"Startseite","item":"https:\/\/itcams.eu\/"},{"@type":"ListItem","position":2,"name":"ITcamS"}]},{"@type":"WebSite","@id":"https:\/\/itcams.eu\/#website","url":"https:\/\/itcams.eu\/","name":"ITcamS","description":"cut above mandatory","publisher":{"@id":"https:\/\/itcams.eu\/#organization"},"potentialAction":[{"@type":"SearchAction","target":{"@type":"EntryPoint","urlTemplate":"https:\/\/itcams.eu\/?s={search_term_string}"},"query-input":{"@type":"PropertyValueSpecification","valueRequired":true,"valueName":"search_term_string"}}],"inLanguage":"de"},{"@type":"Organization","@id":"https:\/\/itcams.eu\/#organization","name":"ITcamS","url":"https:\/\/itcams.eu\/","logo":{"@type":"ImageObject","inLanguage":"de","@id":"https:\/\/itcams.eu\/#\/schema\/logo\/image\/","url":"https:\/\/itcams.eu\/wp-content\/uploads\/2024\/05\/blue-matrix-abstract-digital-background-big-size-binary-code-65285787.png","contentUrl":"https:\/\/itcams.eu\/wp-content\/uploads\/2024\/05\/blue-matrix-abstract-digital-background-big-size-binary-code-65285787.png","width":379,"height":359,"caption":"ITcamS"},"image":{"@id":"https:\/\/itcams.eu\/#\/schema\/logo\/image\/"}}]}},"_links":{"self":[{"href":"https:\/\/itcams.eu\/index.php?rest_route=\/wp\/v2\/pages\/121","targetHints":{"allow":["GET"]}}],"collection":[{"href":"https:\/\/itcams.eu\/index.php?rest_route=\/wp\/v2\/pages"}],"about":[{"href":"https:\/\/itcams.eu\/index.php?rest_route=\/wp\/v2\/types\/page"}],"author":[{"embeddable":true,"href":"https:\/\/itcams.eu\/index.php?rest_route=\/wp\/v2\/users\/1"}],"replies":[{"embeddable":true,"href":"https:\/\/itcams.eu\/index.php?rest_route=%2Fwp%2Fv2%2Fcomments&post=121"}],"version-history":[{"count":90,"href":"https:\/\/itcams.eu\/index.php?rest_route=\/wp\/v2\/pages\/121\/revisions"}],"predecessor-version":[{"id":372,"href":"https:\/\/itcams.eu\/index.php?rest_route=\/wp\/v2\/pages\/121\/revisions\/372"}],"wp:attachment":[{"href":"https:\/\/itcams.eu\/index.php?rest_route=%2Fwp%2Fv2%2Fmedia&parent=121"}],"curies":[{"name":"wp","href":"https:\/\/api.w.org\/{rel}","templated":true}]}}